{"id":14600,"date":"2026-03-24T03:10:12","date_gmt":"2026-03-24T03:10:12","guid":{"rendered":"https:\/\/distinctiveurl.shop\/?post_type=product&#038;p=14600"},"modified":"2026-03-24T03:17:19","modified_gmt":"2026-03-24T03:17:19","slug":"baliza-v16-con-geolocalizacion-3-0-aprobada-por-la-dgt-plan-de-datos-incluido-hasta-2038-base-magnetica-ip54-resistente-al-agua-visible-360o-cumple-normativa-2026-luz-led-coche-obligatoria-para-s","status":"publish","type":"product","link":"https:\/\/distinctiveurl.shop\/es\/producto\/baliza-v16-con-geolocalizacion-3-0-aprobada-por-la-dgt-plan-de-datos-incluido-hasta-2038-base-magnetica-ip54-resistente-al-agua-visible-360o-cumple-normativa-2026-luz-led-coche-obligatoria-para-s\/","title":{"rendered":"Baliza V16 con geolocalizaci\u00f3n 3.0 aprobada por la DGT, plan de datos incluido hasta 2038, base magn\u00e9tica IP54 resistente al agua, visible 360\u00ba, cumple normativa 2026, luz LED coche obligatoria para se\u00f1alizar aver\u00edas"},"content":{"rendered":"<div data-elementor-type=\"product-post\" data-elementor-id=\"14600\" class=\"elementor elementor-14600\" data-elementor-post-type=\"product\">\n\t\t\t\t<div class=\"elementor-element elementor-element-5268e545 e-flex e-con-boxed e-con e-parent\" data-id=\"5268e545\" data-element_type=\"container\" data-settings=\"{&quot;ekit_has_onepagescroll_dot&quot;:&quot;yes&quot;}\">\n\t\t\t\t\t<div class=\"e-con-inner\">\n\t\t<div class=\"elementor-element elementor-element-7cdf26e9 e-con-full e-flex e-con e-child\" data-id=\"7cdf26e9\" data-element_type=\"container\" data-settings=\"{&quot;ekit_has_onepagescroll_dot&quot;:&quot;yes&quot;}\">\n\t\t\t\t<div class=\"elementor-element elementor-element-5a5a6e7d elementor-widget elementor-widget-video\" data-id=\"5a5a6e7d\" data-element_type=\"widget\" data-settings=\"{&quot;video_type&quot;:&quot;hosted&quot;,&quot;controls&quot;:&quot;yes&quot;,&quot;ekit_we_effect_on&quot;:&quot;none&quot;}\" data-widget_type=\"video.default\">\n\t\t\t\t<div class=\"elementor-widget-container\">\n\t\t\t\t\t\t\t<div class=\"e-hosted-video elementor-wrapper elementor-open-inline\">\n\t\t\t\t\t<video class=\"elementor-video\" src=\"https:\/\/distinctiveurl.shop\/wp-content\/uploads\/2026\/03\/575fa4b8-eb92-4d39-bbc2-702266dbcbe1.mp4\" controls=\"\" preload=\"metadata\" controlslist=\"nodownload\"><\/video>\n\t\t\t\t<\/div>\n\t\t\t\t\t\t<\/div>\n\t\t\t\t<\/div>\n\t\t\t\t<\/div>\n\t\t<div class=\"elementor-element elementor-element-1cc6cad7 e-con-full e-flex e-con e-child\" data-id=\"1cc6cad7\" data-element_type=\"container\" data-settings=\"{&quot;ekit_has_onepagescroll_dot&quot;:&quot;yes&quot;}\">\n\t\t\t\t<div class=\"elementor-element elementor-element-67a632a9 elementor-widget elementor-widget-text-editor\" data-id=\"67a632a9\" data-element_type=\"widget\" data-settings=\"{&quot;ekit_we_effect_on&quot;:&quot;none&quot;}\" data-widget_type=\"text-editor.default\">\n\t\t\t\t<div class=\"elementor-widget-container\">\n\t\t\t\t\t\t\t\t\t Detalles t\u00e9cnicos\n\n<div class=\"technical-table\">\n  <div class=\"technical-row\">\n    <div class=\"technical-label\">Fabricante<\/div>\n    <div class=\"technical-value\">EXTRASTAR<\/div>\n  <\/div>\n  <div class=\"technical-row\">\n    <div class=\"technical-label\">Marca<\/div>\n    <div class=\"technical-value\">EXTRASTAR<\/div>\n  <\/div>\n  <div class=\"technical-row\">\n    <div class=\"technical-label\">Peso del art\u00edculo<\/div>\n    <div class=\"technical-value\">200 g<\/div>\n  <\/div>\n  <div class=\"technical-row\">\n    <div class=\"technical-label\">Dimensiones del paquete<\/div>\n    <div class=\"technical-value\">8,6 x 8,3 x 6,7 cm; 200 g<\/div>\n  <\/div>\n  <div class=\"technical-row\">\n    <div class=\"technical-label\">Pilas<\/div>\n    <div class=\"technical-value\">Requiere 1 pila de 9V. (incluidas)<\/div>\n  <\/div>\n  <div class=\"technical-row\">\n    <div class=\"technical-label\">Referencia del fabricante<\/div>\n    <div class=\"technical-value\">MOD-V16<\/div>\n  <\/div>\n  <div class=\"technical-row\">\n    <div class=\"technical-label\">N\u00famero de pieza del fabricante<\/div>\n    <div class=\"technical-value\">MOD-V16<\/div>\n  <\/div>\n<\/div>\n\n<style>\n.technical-table {\n  width: 100%;\n  border-top: 1px solid #000;\n  font-family: Arial, sans-serif;\n}\n\n.technical-row {\n  display: flex;\n  border-bottom: 1px solid #000;\n  padding: 12px 0;\n}\n\n.technical-label {\n  flex: 1;\n  font-weight: bold;\n  min-width: 200px;\n  padding-right: 20px;\n}\n\n.technical-value {\n  flex: 1;\n  min-width: 200px;\n}\n<\/style>\t\t\t\t\t\t\t\t<\/div>\n\t\t\t\t<\/div>\n\t\t\t\t<\/div>\n\t\t\t\t\t<\/div>\n\t\t\t\t<\/div>\n\t\t<div class=\"elementor-element elementor-element-7ee929f6 e-flex e-con-boxed e-con e-parent\" data-id=\"7ee929f6\" data-element_type=\"container\" data-settings=\"{&quot;ekit_has_onepagescroll_dot&quot;:&quot;yes&quot;}\">\n\t\t\t\t\t<div class=\"e-con-inner\">\n\t\t\t\t<div class=\"elementor-element elementor-element-251b6a1e elementor-widget elementor-widget-image\" data-id=\"251b6a1e\" data-element_type=\"widget\" data-settings=\"{&quot;ekit_we_effect_on&quot;:&quot;none&quot;}\" data-widget_type=\"image.default\">\n\t\t\t\t<div class=\"elementor-widget-container\">\n\t\t\t\t\t\t\t\t\t\t\t\t\t\t\t<img loading=\"lazy\" decoding=\"async\" width=\"1464\" height=\"600\" src=\"https:\/\/distinctiveurl.shop\/wp-content\/uploads\/2026\/03\/5d4d67ad-009c-4f43-9d4b-0ee2332436bb.__CR001464600_PT0_SX1464_V1___.jpg\" class=\"attachment-full size-full wp-image-14619 wvs-archive-product-image\" alt=\"\" srcset=\"https:\/\/distinctiveurl.shop\/wp-content\/uploads\/2026\/03\/5d4d67ad-009c-4f43-9d4b-0ee2332436bb.__CR001464600_PT0_SX1464_V1___.jpg 1464w, https:\/\/distinctiveurl.shop\/wp-content\/uploads\/2026\/03\/5d4d67ad-009c-4f43-9d4b-0ee2332436bb.__CR001464600_PT0_SX1464_V1___-300x123.jpg 300w, https:\/\/distinctiveurl.shop\/wp-content\/uploads\/2026\/03\/5d4d67ad-009c-4f43-9d4b-0ee2332436bb.__CR001464600_PT0_SX1464_V1___-1024x420.jpg 1024w, https:\/\/distinctiveurl.shop\/wp-content\/uploads\/2026\/03\/5d4d67ad-009c-4f43-9d4b-0ee2332436bb.__CR001464600_PT0_SX1464_V1___-768x315.jpg 768w, https:\/\/distinctiveurl.shop\/wp-content\/uploads\/2026\/03\/5d4d67ad-009c-4f43-9d4b-0ee2332436bb.__CR001464600_PT0_SX1464_V1___-18x7.jpg 18w, https:\/\/distinctiveurl.shop\/wp-content\/uploads\/2026\/03\/5d4d67ad-009c-4f43-9d4b-0ee2332436bb.__CR001464600_PT0_SX1464_V1___-600x246.jpg 600w, https:\/\/distinctiveurl.shop\/wp-content\/uploads\/2026\/03\/5d4d67ad-009c-4f43-9d4b-0ee2332436bb.__CR001464600_PT0_SX1464_V1___-1x1.jpg 1w, https:\/\/distinctiveurl.shop\/wp-content\/uploads\/2026\/03\/5d4d67ad-009c-4f43-9d4b-0ee2332436bb.__CR001464600_PT0_SX1464_V1___-10x4.jpg 10w\" sizes=\"auto, (max-width: 1464px) 100vw, 1464px\" \/>\t\t\t\t\t\t\t\t\t\t\t\t\t\t\t<\/div>\n\t\t\t\t<\/div>\n\t\t\t\t<div class=\"elementor-element elementor-element-491bae21 elementor-widget elementor-widget-image\" data-id=\"491bae21\" data-element_type=\"widget\" data-settings=\"{&quot;ekit_we_effect_on&quot;:&quot;none&quot;}\" data-widget_type=\"image.default\">\n\t\t\t\t<div class=\"elementor-widget-container\">\n\t\t\t\t\t\t\t\t\t\t\t\t\t\t\t<img loading=\"lazy\" decoding=\"async\" width=\"1464\" height=\"600\" src=\"https:\/\/distinctiveurl.shop\/wp-content\/uploads\/2026\/03\/f3bd717f-24d5-4efa-aad6-6e2d03d9a1b7.__CR001464600_PT0_SX1464_V1___.jpg\" class=\"attachment-full size-full wp-image-14620 wvs-archive-product-image\" alt=\"\" srcset=\"https:\/\/distinctiveurl.shop\/wp-content\/uploads\/2026\/03\/f3bd717f-24d5-4efa-aad6-6e2d03d9a1b7.__CR001464600_PT0_SX1464_V1___.jpg 1464w, https:\/\/distinctiveurl.shop\/wp-content\/uploads\/2026\/03\/f3bd717f-24d5-4efa-aad6-6e2d03d9a1b7.__CR001464600_PT0_SX1464_V1___-300x123.jpg 300w, https:\/\/distinctiveurl.shop\/wp-content\/uploads\/2026\/03\/f3bd717f-24d5-4efa-aad6-6e2d03d9a1b7.__CR001464600_PT0_SX1464_V1___-1024x420.jpg 1024w, https:\/\/distinctiveurl.shop\/wp-content\/uploads\/2026\/03\/f3bd717f-24d5-4efa-aad6-6e2d03d9a1b7.__CR001464600_PT0_SX1464_V1___-768x315.jpg 768w, https:\/\/distinctiveurl.shop\/wp-content\/uploads\/2026\/03\/f3bd717f-24d5-4efa-aad6-6e2d03d9a1b7.__CR001464600_PT0_SX1464_V1___-18x7.jpg 18w, https:\/\/distinctiveurl.shop\/wp-content\/uploads\/2026\/03\/f3bd717f-24d5-4efa-aad6-6e2d03d9a1b7.__CR001464600_PT0_SX1464_V1___-600x246.jpg 600w, https:\/\/distinctiveurl.shop\/wp-content\/uploads\/2026\/03\/f3bd717f-24d5-4efa-aad6-6e2d03d9a1b7.__CR001464600_PT0_SX1464_V1___-1x1.jpg 1w, https:\/\/distinctiveurl.shop\/wp-content\/uploads\/2026\/03\/f3bd717f-24d5-4efa-aad6-6e2d03d9a1b7.__CR001464600_PT0_SX1464_V1___-10x4.jpg 10w\" sizes=\"auto, (max-width: 1464px) 100vw, 1464px\" \/>\t\t\t\t\t\t\t\t\t\t\t\t\t\t\t<\/div>\n\t\t\t\t<\/div>\n\t\t<div class=\"elementor-element elementor-element-235f3dd6 e-grid e-con-full e-con e-child\" data-id=\"235f3dd6\" data-element_type=\"container\" data-settings=\"{&quot;ekit_has_onepagescroll_dot&quot;:&quot;yes&quot;}\">\n\t\t\t\t<div class=\"elementor-element elementor-element-3efc1130 elementor-widget elementor-widget-image\" data-id=\"3efc1130\" data-element_type=\"widget\" data-settings=\"{&quot;ekit_we_effect_on&quot;:&quot;none&quot;}\" data-widget_type=\"image.default\">\n\t\t\t\t<div class=\"elementor-widget-container\">\n\t\t\t\t\t\t\t\t\t\t\t\t\t\t\t<img loading=\"lazy\" decoding=\"async\" width=\"300\" height=\"225\" src=\"https:\/\/distinctiveurl.shop\/wp-content\/uploads\/2026\/03\/a0a09b7d-7ee7-4a1f-9352-a0a792e22713.__CR00300225_PT0_SX300_V1___.jpg\" class=\"attachment-large size-large wp-image-14621 wvs-archive-product-image\" alt=\"\" srcset=\"https:\/\/distinctiveurl.shop\/wp-content\/uploads\/2026\/03\/a0a09b7d-7ee7-4a1f-9352-a0a792e22713.__CR00300225_PT0_SX300_V1___.jpg 300w, https:\/\/distinctiveurl.shop\/wp-content\/uploads\/2026\/03\/a0a09b7d-7ee7-4a1f-9352-a0a792e22713.__CR00300225_PT0_SX300_V1___-16x12.jpg 16w, https:\/\/distinctiveurl.shop\/wp-content\/uploads\/2026\/03\/a0a09b7d-7ee7-4a1f-9352-a0a792e22713.__CR00300225_PT0_SX300_V1___-1x1.jpg 1w, https:\/\/distinctiveurl.shop\/wp-content\/uploads\/2026\/03\/a0a09b7d-7ee7-4a1f-9352-a0a792e22713.__CR00300225_PT0_SX300_V1___-10x8.jpg 10w\" sizes=\"auto, (max-width: 300px) 100vw, 300px\" \/>\t\t\t\t\t\t\t\t\t\t\t\t\t\t\t<\/div>\n\t\t\t\t<\/div>\n\t\t\t\t<div class=\"elementor-element elementor-element-7ff79a08 elementor-widget elementor-widget-image\" data-id=\"7ff79a08\" data-element_type=\"widget\" data-settings=\"{&quot;ekit_we_effect_on&quot;:&quot;none&quot;}\" data-widget_type=\"image.default\">\n\t\t\t\t<div class=\"elementor-widget-container\">\n\t\t\t\t\t\t\t\t\t\t\t\t\t\t\t<img loading=\"lazy\" decoding=\"async\" width=\"300\" height=\"225\" src=\"https:\/\/distinctiveurl.shop\/wp-content\/uploads\/2026\/03\/70ef59de-6de8-40d3-97cb-87a1c9d7bb6f.__CR00300225_PT0_SX300_V1___.jpg\" class=\"attachment-large size-large wp-image-14622 wvs-archive-product-image\" alt=\"\" srcset=\"https:\/\/distinctiveurl.shop\/wp-content\/uploads\/2026\/03\/70ef59de-6de8-40d3-97cb-87a1c9d7bb6f.__CR00300225_PT0_SX300_V1___.jpg 300w, https:\/\/distinctiveurl.shop\/wp-content\/uploads\/2026\/03\/70ef59de-6de8-40d3-97cb-87a1c9d7bb6f.__CR00300225_PT0_SX300_V1___-16x12.jpg 16w, https:\/\/distinctiveurl.shop\/wp-content\/uploads\/2026\/03\/70ef59de-6de8-40d3-97cb-87a1c9d7bb6f.__CR00300225_PT0_SX300_V1___-1x1.jpg 1w, https:\/\/distinctiveurl.shop\/wp-content\/uploads\/2026\/03\/70ef59de-6de8-40d3-97cb-87a1c9d7bb6f.__CR00300225_PT0_SX300_V1___-10x8.jpg 10w\" sizes=\"auto, (max-width: 300px) 100vw, 300px\" \/>\t\t\t\t\t\t\t\t\t\t\t\t\t\t\t<\/div>\n\t\t\t\t<\/div>\n\t\t\t\t<div class=\"elementor-element elementor-element-461eb582 elementor-widget elementor-widget-image\" data-id=\"461eb582\" data-element_type=\"widget\" data-settings=\"{&quot;ekit_we_effect_on&quot;:&quot;none&quot;}\" data-widget_type=\"image.default\">\n\t\t\t\t<div class=\"elementor-widget-container\">\n\t\t\t\t\t\t\t\t\t\t\t\t\t\t\t<img loading=\"lazy\" decoding=\"async\" width=\"300\" height=\"225\" src=\"https:\/\/distinctiveurl.shop\/wp-content\/uploads\/2026\/03\/0d36431e-3908-4a24-b791-ae70172dc99c.__CR00300225_PT0_SX300_V1___.jpg\" class=\"attachment-large size-large wp-image-14623 wvs-archive-product-image\" alt=\"\" srcset=\"https:\/\/distinctiveurl.shop\/wp-content\/uploads\/2026\/03\/0d36431e-3908-4a24-b791-ae70172dc99c.__CR00300225_PT0_SX300_V1___.jpg 300w, https:\/\/distinctiveurl.shop\/wp-content\/uploads\/2026\/03\/0d36431e-3908-4a24-b791-ae70172dc99c.__CR00300225_PT0_SX300_V1___-16x12.jpg 16w, https:\/\/distinctiveurl.shop\/wp-content\/uploads\/2026\/03\/0d36431e-3908-4a24-b791-ae70172dc99c.__CR00300225_PT0_SX300_V1___-1x1.jpg 1w, https:\/\/distinctiveurl.shop\/wp-content\/uploads\/2026\/03\/0d36431e-3908-4a24-b791-ae70172dc99c.__CR00300225_PT0_SX300_V1___-10x8.jpg 10w\" sizes=\"auto, (max-width: 300px) 100vw, 300px\" \/>\t\t\t\t\t\t\t\t\t\t\t\t\t\t\t<\/div>\n\t\t\t\t<\/div>\n\t\t\t\t<div class=\"elementor-element elementor-element-1f230a07 elementor-widget elementor-widget-image\" data-id=\"1f230a07\" data-element_type=\"widget\" data-settings=\"{&quot;ekit_we_effect_on&quot;:&quot;none&quot;}\" data-widget_type=\"image.default\">\n\t\t\t\t<div class=\"elementor-widget-container\">\n\t\t\t\t\t\t\t\t\t\t\t\t\t\t\t<img loading=\"lazy\" decoding=\"async\" width=\"300\" height=\"225\" src=\"https:\/\/distinctiveurl.shop\/wp-content\/uploads\/2026\/03\/817b53c2-ba45-49f8-9644-d7fbb38ba0a1.__CR00300225_PT0_SX300_V1___.jpg\" class=\"attachment-large size-large wp-image-14624 wvs-archive-product-image\" alt=\"\" srcset=\"https:\/\/distinctiveurl.shop\/wp-content\/uploads\/2026\/03\/817b53c2-ba45-49f8-9644-d7fbb38ba0a1.__CR00300225_PT0_SX300_V1___.jpg 300w, https:\/\/distinctiveurl.shop\/wp-content\/uploads\/2026\/03\/817b53c2-ba45-49f8-9644-d7fbb38ba0a1.__CR00300225_PT0_SX300_V1___-16x12.jpg 16w, https:\/\/distinctiveurl.shop\/wp-content\/uploads\/2026\/03\/817b53c2-ba45-49f8-9644-d7fbb38ba0a1.__CR00300225_PT0_SX300_V1___-1x1.jpg 1w, https:\/\/distinctiveurl.shop\/wp-content\/uploads\/2026\/03\/817b53c2-ba45-49f8-9644-d7fbb38ba0a1.__CR00300225_PT0_SX300_V1___-10x8.jpg 10w\" sizes=\"auto, (max-width: 300px) 100vw, 300px\" \/>\t\t\t\t\t\t\t\t\t\t\t\t\t\t\t<\/div>\n\t\t\t\t<\/div>\n\t\t\t\t<div class=\"elementor-element elementor-element-5579d65c elementor-widget elementor-widget-text-editor\" data-id=\"5579d65c\" data-element_type=\"widget\" data-settings=\"{&quot;ekit_we_effect_on&quot;:&quot;none&quot;}\" data-widget_type=\"text-editor.default\">\n\t\t\t\t<div class=\"elementor-widget-container\">\n\t\t\t\t\t\t\t\t\t<p>Baliza V16- M\u00e1xima Eficacia<br \/>\u25cf Visibilidad:1.000 metros<br \/>\u25cf lluminaci\u00f3n omnidireccional (360\u00b0)<\/p>\t\t\t\t\t\t\t\t<\/div>\n\t\t\t\t<\/div>\n\t\t\t\t<div class=\"elementor-element elementor-element-1de4177c elementor-widget elementor-widget-text-editor\" data-id=\"1de4177c\" data-element_type=\"widget\" data-settings=\"{&quot;ekit_we_effect_on&quot;:&quot;none&quot;}\" data-widget_type=\"text-editor.default\">\n\t\t\t\t<div class=\"elementor-widget-container\">\n\t\t\t\t\t\t\t\t\t<p>tri\u00e1ngulos<br \/>Vulnerable a condiciones meteorol\u00f3gicas<br \/>(viento\/lluvia)<br \/>Requiere colocaci\u00f3n en calzada con riesgo para<br \/>el usuario<\/p>\t\t\t\t\t\t\t\t<\/div>\n\t\t\t\t<\/div>\n\t\t\t\t<div class=\"elementor-element elementor-element-1b00d0a elementor-widget elementor-widget-text-editor\" data-id=\"1b00d0a\" data-element_type=\"widget\" data-settings=\"{&quot;ekit_we_effect_on&quot;:&quot;none&quot;}\" data-widget_type=\"text-editor.default\">\n\t\t\t\t<div class=\"elementor-widget-container\">\n\t\t\t\t\t\t\t\t\t<p>Baliza V16: SEGURA<br \/>Fijaci\u00f3n magn\u00e9tica instant\u00e1nea Activaci\u00f3n<br \/>mediante pulsador \u00fanico<\/p>\t\t\t\t\t\t\t\t<\/div>\n\t\t\t\t<\/div>\n\t\t\t\t<div class=\"elementor-element elementor-element-27ce2c41 elementor-widget elementor-widget-text-editor\" data-id=\"27ce2c41\" data-element_type=\"widget\" data-settings=\"{&quot;ekit_we_effect_on&quot;:&quot;none&quot;}\" data-widget_type=\"text-editor.default\">\n\t\t\t\t<div class=\"elementor-widget-container\">\n\t\t\t\t\t\t\t\t\t<p>DIFFICULTIES OF<br \/>IMPLEMENTACI\u00d3N<br \/>Obliga a abandonar el veh\u00edculo en calzada<br \/>Exposici\u00f3n al tr\u00e1fico durante su colocaci\u00f3n<\/p>\t\t\t\t\t\t\t\t<\/div>\n\t\t\t\t<\/div>\n\t\t\t\t<\/div>\n\t\t\t\t\t<\/div>\n\t\t\t\t<\/div>\n\t\t<div class=\"elementor-element elementor-element-4a379e09 e-flex e-con-boxed e-con e-parent\" data-id=\"4a379e09\" data-element_type=\"container\" data-settings=\"{&quot;ekit_has_onepagescroll_dot&quot;:&quot;yes&quot;}\">\n\t\t\t\t\t<div class=\"e-con-inner\">\n\t\t\t\t<div class=\"elementor-element elementor-element-39053c13 elementor-widget elementor-widget-image\" data-id=\"39053c13\" data-element_type=\"widget\" data-settings=\"{&quot;ekit_we_effect_on&quot;:&quot;none&quot;}\" data-widget_type=\"image.default\">\n\t\t\t\t<div class=\"elementor-widget-container\">\n\t\t\t\t\t\t\t\t\t\t\t\t\t\t\t<img loading=\"lazy\" decoding=\"async\" width=\"1464\" height=\"600\" src=\"https:\/\/distinctiveurl.shop\/wp-content\/uploads\/2026\/03\/32f35afd-e841-4c4d-8ccd-dbcc00edeba2.__CR001464600_PT0_SX1464_V1___.jpg\" class=\"attachment-full size-full wp-image-14625 wvs-archive-product-image\" alt=\"\" srcset=\"https:\/\/distinctiveurl.shop\/wp-content\/uploads\/2026\/03\/32f35afd-e841-4c4d-8ccd-dbcc00edeba2.__CR001464600_PT0_SX1464_V1___.jpg 1464w, https:\/\/distinctiveurl.shop\/wp-content\/uploads\/2026\/03\/32f35afd-e841-4c4d-8ccd-dbcc00edeba2.__CR001464600_PT0_SX1464_V1___-300x123.jpg 300w, https:\/\/distinctiveurl.shop\/wp-content\/uploads\/2026\/03\/32f35afd-e841-4c4d-8ccd-dbcc00edeba2.__CR001464600_PT0_SX1464_V1___-1024x420.jpg 1024w, https:\/\/distinctiveurl.shop\/wp-content\/uploads\/2026\/03\/32f35afd-e841-4c4d-8ccd-dbcc00edeba2.__CR001464600_PT0_SX1464_V1___-768x315.jpg 768w, https:\/\/distinctiveurl.shop\/wp-content\/uploads\/2026\/03\/32f35afd-e841-4c4d-8ccd-dbcc00edeba2.__CR001464600_PT0_SX1464_V1___-18x7.jpg 18w, https:\/\/distinctiveurl.shop\/wp-content\/uploads\/2026\/03\/32f35afd-e841-4c4d-8ccd-dbcc00edeba2.__CR001464600_PT0_SX1464_V1___-600x246.jpg 600w, https:\/\/distinctiveurl.shop\/wp-content\/uploads\/2026\/03\/32f35afd-e841-4c4d-8ccd-dbcc00edeba2.__CR001464600_PT0_SX1464_V1___-1x1.jpg 1w, https:\/\/distinctiveurl.shop\/wp-content\/uploads\/2026\/03\/32f35afd-e841-4c4d-8ccd-dbcc00edeba2.__CR001464600_PT0_SX1464_V1___-10x4.jpg 10w\" sizes=\"auto, (max-width: 1464px) 100vw, 1464px\" \/>\t\t\t\t\t\t\t\t\t\t\t\t\t\t\t<\/div>\n\t\t\t\t<\/div>\n\t\t\t\t<div class=\"elementor-element elementor-element-52e6562e elementor-widget elementor-widget-image\" data-id=\"52e6562e\" data-element_type=\"widget\" data-settings=\"{&quot;ekit_we_effect_on&quot;:&quot;none&quot;}\" data-widget_type=\"image.default\">\n\t\t\t\t<div class=\"elementor-widget-container\">\n\t\t\t\t\t\t\t\t\t\t\t\t\t\t\t<img loading=\"lazy\" decoding=\"async\" width=\"1464\" height=\"600\" src=\"https:\/\/distinctiveurl.shop\/wp-content\/uploads\/2026\/03\/a5bf92b8-374c-4d0c-aeef-53bf3103629b.__CR001464600_PT0_SX1464_V1___.jpg\" class=\"attachment-full size-full wp-image-14626 wvs-archive-product-image\" alt=\"\" srcset=\"https:\/\/distinctiveurl.shop\/wp-content\/uploads\/2026\/03\/a5bf92b8-374c-4d0c-aeef-53bf3103629b.__CR001464600_PT0_SX1464_V1___.jpg 1464w, https:\/\/distinctiveurl.shop\/wp-content\/uploads\/2026\/03\/a5bf92b8-374c-4d0c-aeef-53bf3103629b.__CR001464600_PT0_SX1464_V1___-300x123.jpg 300w, https:\/\/distinctiveurl.shop\/wp-content\/uploads\/2026\/03\/a5bf92b8-374c-4d0c-aeef-53bf3103629b.__CR001464600_PT0_SX1464_V1___-1024x420.jpg 1024w, https:\/\/distinctiveurl.shop\/wp-content\/uploads\/2026\/03\/a5bf92b8-374c-4d0c-aeef-53bf3103629b.__CR001464600_PT0_SX1464_V1___-768x315.jpg 768w, https:\/\/distinctiveurl.shop\/wp-content\/uploads\/2026\/03\/a5bf92b8-374c-4d0c-aeef-53bf3103629b.__CR001464600_PT0_SX1464_V1___-18x7.jpg 18w, https:\/\/distinctiveurl.shop\/wp-content\/uploads\/2026\/03\/a5bf92b8-374c-4d0c-aeef-53bf3103629b.__CR001464600_PT0_SX1464_V1___-600x246.jpg 600w, https:\/\/distinctiveurl.shop\/wp-content\/uploads\/2026\/03\/a5bf92b8-374c-4d0c-aeef-53bf3103629b.__CR001464600_PT0_SX1464_V1___-1x1.jpg 1w, https:\/\/distinctiveurl.shop\/wp-content\/uploads\/2026\/03\/a5bf92b8-374c-4d0c-aeef-53bf3103629b.__CR001464600_PT0_SX1464_V1___-10x4.jpg 10w\" sizes=\"auto, (max-width: 1464px) 100vw, 1464px\" \/>\t\t\t\t\t\t\t\t\t\t\t\t\t\t\t<\/div>\n\t\t\t\t<\/div>\n\t\t\t\t\t<\/div>\n\t\t\t\t<\/div>\n\t\t\t\t<\/div>","protected":false},"excerpt":{"rendered":"<p>https:\/\/distinctiveurl.shop\/wp-content\/uploads\/2026\/03\/575fa4b8-eb92-4d39-bbc2-702266dbcbe1.mp4 Technical Details Manufacturer EXTRASTAR Brand EXTRASTAR Item Weight 200 g Package Dimensions 8.6 x 8.3 x 6.7 cm; 200&#8230;<\/p>","protected":false},"featured_media":14605,"comment_status":"open","ping_status":"closed","template":"","meta":{"_acf_changed":false},"etheme_brands":[],"product_brand":[],"product_cat":[128],"product_tag":[],"class_list":{"0":"post-14600","1":"product","2":"type-product","3":"status-publish","4":"has-post-thumbnail","6":"product_cat-chen","8":"first","9":"instock","10":"sale","11":"shipping-taxable","12":"purchasable","13":"product-type-variable","14":"wvs-archive-product-wrapper"},"acf":[],"_links":{"self":[{"href":"https:\/\/distinctiveurl.shop\/es\/wp-json\/wp\/v2\/product\/14600","targetHints":{"allow":["GET"]}}],"collection":[{"href":"https:\/\/distinctiveurl.shop\/es\/wp-json\/wp\/v2\/product"}],"about":[{"href":"https:\/\/distinctiveurl.shop\/es\/wp-json\/wp\/v2\/types\/product"}],"replies":[{"embeddable":true,"href":"https:\/\/distinctiveurl.shop\/es\/wp-json\/wp\/v2\/comments?post=14600"}],"version-history":[{"count":4,"href":"https:\/\/distinctiveurl.shop\/es\/wp-json\/wp\/v2\/product\/14600\/revisions"}],"predecessor-version":[{"id":14632,"href":"https:\/\/distinctiveurl.shop\/es\/wp-json\/wp\/v2\/product\/14600\/revisions\/14632"}],"wp:featuredmedia":[{"embeddable":true,"href":"https:\/\/distinctiveurl.shop\/es\/wp-json\/wp\/v2\/media\/14605"}],"wp:attachment":[{"href":"https:\/\/distinctiveurl.shop\/es\/wp-json\/wp\/v2\/media?parent=14600"}],"wp:term":[{"taxonomy":"brand","embeddable":true,"href":"https:\/\/distinctiveurl.shop\/es\/wp-json\/wp\/v2\/etheme_brands?post=14600"},{"taxonomy":"product_brand","embeddable":true,"href":"https:\/\/distinctiveurl.shop\/es\/wp-json\/wp\/v2\/product_brand?post=14600"},{"taxonomy":"product_cat","embeddable":true,"href":"https:\/\/distinctiveurl.shop\/es\/wp-json\/wp\/v2\/product_cat?post=14600"},{"taxonomy":"product_tag","embeddable":true,"href":"https:\/\/distinctiveurl.shop\/es\/wp-json\/wp\/v2\/product_tag?post=14600"}],"curies":[{"name":"wp","href":"https:\/\/api.w.org\/{rel}","templated":true}]}}